{"id":130,"date":"2019-03-06T15:19:55","date_gmt":"2019-03-06T15:19:55","guid":{"rendered":"https:\/\/demo.themeisle.com\/neve-shop\/?page_id=130"},"modified":"2020-08-06T11:07:39","modified_gmt":"2020-08-06T10:07:39","slug":"contact","status":"publish","type":"page","link":"https:\/\/kassen-king.de\/?page_id=130","title":{"rendered":"KontaKt"},"content":{"rendered":"\t\t<div data-elementor-type=\"wp-post\" data-elementor-id=\"130\" class=\"elementor elementor-130\">\n\t\t\t\t\t\t<div class=\"elementor-inner\">\n\t\t\t\t<div class=\"elementor-section-wrap\">\n\t\t\t\t\t\t\t\t\t<section class=\"elementor-section elementor-top-section elementor-element elementor-element-dacbca7 elementor-section-height-min-height elementor-section-boxed elementor-section-height-default elementor-section-items-middle\" data-id=\"dacbca7\" data-element_type=\"section\" data-settings=\"{&quot;background_background&quot;:&quot;classic&quot;}\">\n\t\t\t\t\t\t\t<div class=\"elementor-background-overlay\"><\/div>\n\t\t\t\t\t\t\t<div class=\"elementor-container elementor-column-gap-default\">\n\t\t\t\t\t\t\t<div class=\"elementor-row\">\n\t\t\t\t\t<div class=\"elementor-column elementor-col-100 elementor-top-column elementor-element elementor-element-53c6380\" data-id=\"53c6380\" data-element_type=\"column\">\n\t\t\t<div class=\"elementor-column-wrap elementor-element-populated\">\n\t\t\t\t\t\t\t<div class=\"elementor-widget-wrap\">\n\t\t\t\t\t\t<div class=\"elementor-element elementor-element-a058565 elementor-widget elementor-widget-heading\" data-id=\"a058565\" data-element_type=\"widget\" data-widget_type=\"heading.default\">\n\t\t\t\t<div class=\"elementor-widget-container\">\n\t\t\t<h1 class=\"elementor-heading-title elementor-size-default\">Kontakt<\/h1>\t\t<\/div>\n\t\t\t\t<\/div>\n\t\t\t\t<div class=\"elementor-element elementor-element-cd07b87 elementor-widget elementor-widget-text-editor\" data-id=\"cd07b87\" data-element_type=\"widget\" data-widget_type=\"text-editor.default\">\n\t\t\t\t<div class=\"elementor-widget-container\">\n\t\t\t\t\t\t\t\t<div class=\"elementor-text-editor elementor-clearfix\">\n\t\t\t\t<p>Feel free to contact us at your convenience and we&#8217;ll be happy to get in touch with you.<\/p>\t\t\t\t\t<\/div>\n\t\t\t\t\t\t<\/div>\n\t\t\t\t<\/div>\n\t\t\t\t\t\t<\/div>\n\t\t\t\t\t<\/div>\n\t\t<\/div>\n\t\t\t\t\t\t\t\t<\/div>\n\t\t\t\t\t<\/div>\n\t\t<\/section>\n\t\t\t\t<section class=\"elementor-section elementor-top-section elementor-element elementor-element-d4e1828 elementor-section-boxed elementor-section-height-default elementor-section-height-default\" data-id=\"d4e1828\" data-element_type=\"section\">\n\t\t\t\t\t\t<div class=\"elementor-container elementor-column-gap-extended\">\n\t\t\t\t\t\t\t<div class=\"elementor-row\">\n\t\t\t\t\t<div class=\"elementor-column elementor-col-50 elementor-top-column elementor-element elementor-element-6c0b8c0\" data-id=\"6c0b8c0\" data-element_type=\"column\">\n\t\t\t<div class=\"elementor-column-wrap elementor-element-populated\">\n\t\t\t\t\t\t\t<div class=\"elementor-widget-wrap\">\n\t\t\t\t\t\t<div class=\"elementor-element elementor-element-2eb19bb elementor-widget elementor-widget-content_form_contact\" data-id=\"2eb19bb\" data-element_type=\"widget\" data-widget_type=\"content_form_contact.default\">\n\t\t\t\t<div class=\"elementor-widget-container\">\n\t\t\t<form action=\"https:\/\/kassen-king.de\/wp-admin\/admin-post.php\" method=\"post\" name=\"content-form-2eb19bb\" id=\"content-form-2eb19bb\" class=\"ti-cf-module content-form content-form-contact content_form_contact\"><input type=\"hidden\" id=\"_wpnonce_contact\" name=\"_wpnonce_contact\" value=\"435dbb0ac5\" \/><input type=\"hidden\" name=\"_wp_http_referer\" value=\"\/index.php?rest_route=%2Fwp%2Fv2%2Fpages%2F130\" \/><input type=\"hidden\" name=\"action\" value=\"content_form_submit\" \/><input type=\"hidden\" name=\"form-type\" value=\"contact\" \/><input type=\"hidden\" name=\"form-builder\" value=\"elementor\" \/><input type=\"hidden\" name=\"post-id\" value=\"130\" \/><input type=\"hidden\" name=\"form-id\" value=\"2eb19bb\" \/><fieldset class=\"content-form-field-text elementor-column elementor-col-100\"><label for=\"data[2eb19bb][name]\" >Name<span class=\"required-mark\"> *<\/span><\/label><input type=\"text\" name=\"data[2eb19bb][name]\" id=\"data[2eb19bb][name]\" required=\"required\"  placeholder=\"\"><\/fieldset><fieldset class=\"content-form-field-email elementor-column elementor-col-100\"><label for=\"data[2eb19bb][email]\" >Email<span class=\"required-mark\"> *<\/span><\/label><input type=\"text\" name=\"data[2eb19bb][email]\" id=\"data[2eb19bb][email]\" required=\"required\"  placeholder=\"\"><\/fieldset><fieldset class=\"content-form-field-textarea elementor-column elementor-col-100\"><label for=\"data[2eb19bb][message]\" >Message<span class=\"required-mark\"> *<\/span><\/label><textarea name=\"data[2eb19bb][message]\" id=\"data[2eb19bb][message]\"  required=\"required\" placeholder=\"\" cols=\"30\" rows=\"5\"><\/textarea><\/fieldset><fieldset class=\"submit-form contact\"><button type=\"submit\" name=\"submit\"  value=\"submit-contact-2eb19bb\" class=\"\">Submit<\/button><\/fieldset><\/form>\t\t<\/div>\n\t\t\t\t<\/div>\n\t\t\t\t\t\t<\/div>\n\t\t\t\t\t<\/div>\n\t\t<\/div>\n\t\t\t\t<div class=\"elementor-column elementor-col-50 elementor-top-column elementor-element elementor-element-fee456b\" data-id=\"fee456b\" data-element_type=\"column\">\n\t\t\t<div class=\"elementor-column-wrap elementor-element-populated\">\n\t\t\t\t\t\t\t<div class=\"elementor-widget-wrap\">\n\t\t\t\t\t\t<div class=\"elementor-element elementor-element-8942749 elementor-widget elementor-widget-text-editor\" data-id=\"8942749\" data-element_type=\"widget\" data-widget_type=\"text-editor.default\">\n\t\t\t\t<div class=\"elementor-widget-container\">\n\t\t\t\t\t\t\t\t<div class=\"elementor-text-editor elementor-clearfix\">\n\t\t\t\t<p>Wir freuen uns \u00fcber deine Nachricht und melden uns so schnell wie m\u00f6glich zur\u00fcck.<\/p><p>Viele Gr\u00fc\u00dfe,<\/p><p>Dein Kassen-King Team<\/p>\t\t\t\t\t<\/div>\n\t\t\t\t\t\t<\/div>\n\t\t\t\t<\/div>\n\t\t\t\t<div class=\"elementor-element elementor-element-9995929 elementor-widget-divider--view-line elementor-widget elementor-widget-divider\" data-id=\"9995929\" data-element_type=\"widget\" data-widget_type=\"divider.default\">\n\t\t\t\t<div class=\"elementor-widget-container\">\n\t\t\t\t\t<div class=\"elementor-divider\">\n\t\t\t<span class=\"elementor-divider-separator\">\n\t\t\t\t\t\t<\/span>\n\t\t<\/div>\n\t\t\t\t<\/div>\n\t\t\t\t<\/div>\n\t\t\t\t<div class=\"elementor-element elementor-element-aaa1c38 elementor-widget elementor-widget-heading\" data-id=\"aaa1c38\" data-element_type=\"widget\" data-widget_type=\"heading.default\">\n\t\t\t\t<div class=\"elementor-widget-container\">\n\t\t\t<h3 class=\"elementor-heading-title elementor-size-default\">Share this:<\/h3>\t\t<\/div>\n\t\t\t\t<\/div>\n\t\t\t\t<div class=\"elementor-element elementor-element-4feb6fc elementor-shape-circle e-grid-align-left elementor-grid-0 elementor-widget elementor-widget-social-icons\" data-id=\"4feb6fc\" data-element_type=\"widget\" data-widget_type=\"social-icons.default\">\n\t\t\t\t<div class=\"elementor-widget-container\">\n\t\t\t\t\t<div class=\"elementor-social-icons-wrapper elementor-grid\">\n\t\t\t\t\t\t\t<span class=\"elementor-grid-item\">\n\t\t\t\t\t<a class=\"elementor-icon elementor-social-icon elementor-social-icon-facebook elementor-repeater-item-ef9dd0e\" target=\"_blank\">\n\t\t\t\t\t\t<span class=\"elementor-screen-only\">Facebook<\/span>\n\t\t\t\t\t\t\t\t\t\t\t\t\t<i class=\"fa fa-facebook\"><\/i>\n\t\t\t\t\t\t\t\t\t\t\t<\/a>\n\t\t\t\t<\/span>\n\t\t\t\t\t<\/div>\n\t\t\t\t<\/div>\n\t\t\t\t<\/div>\n\t\t\t\t\t\t<\/div>\n\t\t\t\t\t<\/div>\n\t\t<\/div>\n\t\t\t\t\t\t\t\t<\/div>\n\t\t\t\t\t<\/div>\n\t\t<\/section>\n\t\t\t\t<section class=\"elementor-section elementor-top-section elementor-element elementor-element-193e7a3 elementor-section-full_width elementor-section-height-default elementor-section-height-default\" data-id=\"193e7a3\" data-element_type=\"section\">\n\t\t\t\t\t\t<div class=\"elementor-container elementor-column-gap-default\">\n\t\t\t\t\t\t\t<div class=\"elementor-row\">\n\t\t\t\t\t<div class=\"elementor-column elementor-col-100 elementor-top-column elementor-element elementor-element-e58f79d\" data-id=\"e58f79d\" data-element_type=\"column\">\n\t\t\t<div class=\"elementor-column-wrap elementor-element-populated\">\n\t\t\t\t\t\t\t<div class=\"elementor-widget-wrap\">\n\t\t\t\t\t\t<div class=\"elementor-element elementor-element-64a2393 elementor-widget elementor-widget-google_maps\" data-id=\"64a2393\" data-element_type=\"widget\" data-widget_type=\"google_maps.default\">\n\t\t\t\t<div class=\"elementor-widget-container\">\n\t\t\t\t\t<div class=\"elementor-custom-embed\">\n\t\t\t<iframe frameborder=\"0\" scrolling=\"no\" marginheight=\"0\" marginwidth=\"0\"\n\t\t\t\t\tsrc=\"https:\/\/maps.google.com\/maps?q=51674%20Wiehl%2C%20Kronst%C3%A4dter%20Gasse%20&#038;t=m&#038;z=10&#038;output=embed&#038;iwloc=near\"\n\t\t\t\t\ttitle=\"51674 Wiehl, Kronst\u00e4dter Gasse \"\n\t\t\t\t\taria-label=\"51674 Wiehl, Kronst\u00e4dter Gasse \"\n\t\t\t><\/iframe>\n\t\t<\/div>\n\t\t\t\t<\/div>\n\t\t\t\t<\/div>\n\t\t\t\t\t\t<\/div>\n\t\t\t\t\t<\/div>\n\t\t<\/div>\n\t\t\t\t\t\t\t\t<\/div>\n\t\t\t\t\t<\/div>\n\t\t<\/section>\n\t\t\t\t\t\t\t\t\t<\/div>\n\t\t\t<\/div>\n\t\t\t\t\t<\/div>\n\t\t","protected":false},"excerpt":{"rendered":"<p>Kontakt Feel free to contact us at your convenience and we&#8217;ll be happy to get in touch with you. Name * Email * Message * Submit Wir freuen uns \u00fcber deine Nachricht und melden uns so schnell wie m\u00f6glich zur\u00fcck. Viele Gr\u00fc\u00dfe, Dein Kassen-King Team Share this: Facebook<\/p>\n","protected":false},"author":2,"featured_media":0,"parent":0,"menu_order":0,"comment_status":"closed","ping_status":"closed","template":"page-templates\/template-pagebuilder-full-width.php","meta":{"neve_meta_sidebar":"","neve_meta_container":"","neve_meta_enable_content_width":"off","neve_meta_content_width":0,"neve_meta_title_alignment":"","neve_meta_author_avatar":"","neve_post_elements_order":"","neve_meta_disable_header":"","neve_meta_disable_footer":"","neve_meta_disable_title":"","spay_email":""},"yoast_head":"<!-- This site is optimized with the Yoast SEO plugin v15.0 - https:\/\/yoast.com\/wordpress\/plugins\/seo\/ -->\n<title>KontaKt - Ihr Experte f\u00fcr Point of Sale und eCommerce L\u00f6sungen<\/title>\n<meta name=\"robots\" content=\"index, follow, max-snippet:-1, max-image-preview:large, max-video-preview:-1\" \/>\n<link rel=\"canonical\" href=\"https:\/\/kassen-king.de\/?page_id=130\" \/>\n<meta property=\"og:locale\" content=\"de_DE\" \/>\n<meta property=\"og:type\" content=\"article\" \/>\n<meta property=\"og:title\" content=\"KontaKt - Ihr Experte f\u00fcr Point of Sale und eCommerce L\u00f6sungen\" \/>\n<meta property=\"og:description\" content=\"Kontakt Feel free to contact us at your convenience and we&#8217;ll be happy to get in touch with you. Name * Email * Message * Submit Wir freuen uns \u00fcber deine Nachricht und melden uns so schnell wie m\u00f6glich zur\u00fcck. Viele Gr\u00fc\u00dfe, Dein Kassen-King Team Share this: Facebook\" \/>\n<meta property=\"og:url\" content=\"https:\/\/kassen-king.de\/?page_id=130\" \/>\n<meta property=\"og:site_name\" content=\"Ihr Experte f\u00fcr Point of Sale und eCommerce L\u00f6sungen\" \/>\n<meta property=\"article:modified_time\" content=\"2020-08-06T10:07:39+00:00\" \/>\n<meta name=\"twitter:card\" content=\"summary_large_image\" \/>\n<script type=\"application\/ld+json\" class=\"yoast-schema-graph\">{\"@context\":\"https:\/\/schema.org\",\"@graph\":[{\"@type\":\"Organization\",\"@id\":\"https:\/\/kassen-king.de\/#organization\",\"name\":\"HS Service GmbH\",\"url\":\"https:\/\/kassen-king.de\/\",\"sameAs\":[],\"logo\":{\"@type\":\"ImageObject\",\"@id\":\"https:\/\/kassen-king.de\/#logo\",\"inLanguage\":\"de\",\"url\":\"https:\/\/i1.wp.com\/kassen-king.de\/wp-content\/uploads\/2020\/07\/6021_HS_Service_GmbH_logo_VP_GR-012gr\\u00fcn.png?fit=4167%2C4167&ssl=1\",\"width\":4167,\"height\":4167,\"caption\":\"HS Service GmbH\"},\"image\":{\"@id\":\"https:\/\/kassen-king.de\/#logo\"}},{\"@type\":\"WebSite\",\"@id\":\"https:\/\/kassen-king.de\/#website\",\"url\":\"https:\/\/kassen-king.de\/\",\"name\":\"Ihr Experte f\\u00fcr Point of Sale und eCommerce L\\u00f6sungen\",\"description\":\"Softwarel\\u00f6sungen rund um dem Point of Sale - Wir beraten kleine und mittelst\\u00e4ndige Unternehmen. Kassensysteme, eCommerce, Point of Sale -Wir lieben eCommerce...\",\"publisher\":{\"@id\":\"https:\/\/kassen-king.de\/#organization\"},\"potentialAction\":[{\"@type\":\"SearchAction\",\"target\":\"https:\/\/kassen-king.de\/?s={search_term_string}\",\"query-input\":\"required name=search_term_string\"}],\"inLanguage\":\"de\"},{\"@type\":\"WebPage\",\"@id\":\"https:\/\/kassen-king.de\/?page_id=130#webpage\",\"url\":\"https:\/\/kassen-king.de\/?page_id=130\",\"name\":\"KontaKt - Ihr Experte f\\u00fcr Point of Sale und eCommerce L\\u00f6sungen\",\"isPartOf\":{\"@id\":\"https:\/\/kassen-king.de\/#website\"},\"datePublished\":\"2019-03-06T15:19:55+00:00\",\"dateModified\":\"2020-08-06T10:07:39+00:00\",\"inLanguage\":\"de\",\"potentialAction\":[{\"@type\":\"ReadAction\",\"target\":[\"https:\/\/kassen-king.de\/?page_id=130\"]}]}]}<\/script>\n<!-- \/ Yoast SEO plugin. -->","_links":{"self":[{"href":"https:\/\/kassen-king.de\/index.php?rest_route=\/wp\/v2\/pages\/130"}],"collection":[{"href":"https:\/\/kassen-king.de\/index.php?rest_route=\/wp\/v2\/pages"}],"about":[{"href":"https:\/\/kassen-king.de\/index.php?rest_route=\/wp\/v2\/types\/page"}],"author":[{"embeddable":true,"href":"https:\/\/kassen-king.de\/index.php?rest_route=\/wp\/v2\/users\/2"}],"replies":[{"embeddable":true,"href":"https:\/\/kassen-king.de\/index.php?rest_route=%2Fwp%2Fv2%2Fcomments&post=130"}],"version-history":[{"count":5,"href":"https:\/\/kassen-king.de\/index.php?rest_route=\/wp\/v2\/pages\/130\/revisions"}],"predecessor-version":[{"id":729,"href":"https:\/\/kassen-king.de\/index.php?rest_route=\/wp\/v2\/pages\/130\/revisions\/729"}],"wp:attachment":[{"href":"https:\/\/kassen-king.de\/index.php?rest_route=%2Fwp%2Fv2%2Fmedia&parent=130"}],"curies":[{"name":"wp","href":"https:\/\/api.w.org\/{rel}","templated":true}]}}