{"id":642,"date":"2020-07-06T10:34:09","date_gmt":"2020-07-06T09:34:09","guid":{"rendered":"https:\/\/kassen-king.de\/?page_id=642"},"modified":"2020-07-06T10:35:48","modified_gmt":"2020-07-06T09:35:48","slug":"impressum","status":"publish","type":"page","link":"https:\/\/kassen-king.de\/?page_id=642","title":{"rendered":"Impressum"},"content":{"rendered":"\t\t<div data-elementor-type=\"wp-page\" data-elementor-id=\"642\" class=\"elementor elementor-642\">\n\t\t\t\t\t\t<div class=\"elementor-inner\">\n\t\t\t\t<div class=\"elementor-section-wrap\">\n\t\t\t\t\t\t\t\t\t<section class=\"elementor-section elementor-top-section elementor-element elementor-element-ade2974 elementor-section-boxed elementor-section-height-default elementor-section-height-default\" data-id=\"ade2974\" data-element_type=\"section\">\n\t\t\t\t\t\t<div class=\"elementor-container elementor-column-gap-default\">\n\t\t\t\t\t\t\t<div class=\"elementor-row\">\n\t\t\t\t\t<div class=\"elementor-column elementor-col-100 elementor-top-column elementor-element elementor-element-c54d16a\" data-id=\"c54d16a\" data-element_type=\"column\">\n\t\t\t<div class=\"elementor-column-wrap elementor-element-populated\">\n\t\t\t\t\t\t\t<div class=\"elementor-widget-wrap\">\n\t\t\t\t\t\t<div class=\"elementor-element elementor-element-7dd5cf5 elementor-widget elementor-widget-text-editor\" data-id=\"7dd5cf5\" data-element_type=\"widget\" data-widget_type=\"text-editor.default\">\n\t\t\t\t<div class=\"elementor-widget-container\">\n\t\t\t\t\t\t\t\t<div class=\"elementor-text-editor elementor-clearfix\">\n\t\t\t\t<div id=\"content-wrapper\" class=\"main-content-wrapper\"><div class=\"container-fluid container--m\"><div class=\"container-block\"><div class=\"row\"><div id=\"content\" class=\"main-content col-xs-12\"><h1 class=\"page-heading text-center\">Impressum<\/h1><div class=\"page-content\"><div id=\"pg-105-0\" class=\"panel-grid panel-no-style\" data-ratio=\"1\" data-ratio-direction=\"right\" data-style=\"{&quot;background_image_attachment&quot;:false,&quot;background_display&quot;:&quot;tile&quot;,&quot;cell_alignment&quot;:&quot;flex-start&quot;}\"><div id=\"pgc-105-0-0\" class=\"panel-grid-cell\" data-weight=\"0.5\"><div id=\"panel-105-0-0-0\" class=\"so-panel widget widget_text panel-first-child panel-last-child\" data-index=\"0\" data-style=\"{&quot;background_image_attachment&quot;:false,&quot;background_display&quot;:&quot;tile&quot;}\"><div class=\"textwidget\"><div><strong>Angaben gem\u00e4\u00df \u00a7 5 TMG:<\/strong><\/div><div>HS Service GmbH<\/div><div>Kronst\u00e4dter Gasse 21<\/div><div>51674 Wiehl<\/div><div>\u00a0<\/div><div><strong>Vertreten durch:<\/strong><\/div><div>HS Service GmbH, vertreten duch GF Horst Schulz<\/div><div>\u00a0<\/div><div><strong>Kontakt:<\/strong><\/div><div>Telefon: 022622085150<\/div><div>Telefax: 022622085151<\/div><div>E-Mail: info@kassen-king.de<\/div><div>\u00a0<\/div><div><strong>Registereintrag:<\/strong><\/div><div>Eintragung im Handelsregister.<\/div><div>Registergericht: Siegburg<\/div><div>Registernummer: HRB12584<\/div><div>DE291396650<\/div><div>\u00a0<\/div><div>\u00a0<\/div><\/div><\/div><\/div><div id=\"pgc-105-0-1\" class=\"panel-grid-cell\" data-weight=\"0.5\"><div id=\"panel-105-0-1-0\" class=\"so-panel widget widget_text panel-first-child panel-last-child\" data-index=\"1\" data-style=\"{&quot;background_image_attachment&quot;:false,&quot;background_display&quot;:&quot;tile&quot;}\"><div class=\"textwidget\"><div><strong>Streitschlichtung<\/strong><\/div><div>Die Europ\u00e4ische Kommission stellt eine Plattform zur Online-Streitbeilegung (OS) bereit:<\/div><div>http:\/\/ec.europa.eu\/consumers\/odr<\/div><div>Unsere E-Mail-Adresse finden Sie oben im Impressum.<\/div><div>Wir sind nicht bereit oder verpflichtet, an Streitbeilegungsverfahren vor einer<\/div><div>Verbraucherschlichtungsstelle teilzunehmen.<\/div><div>\u00a0<\/div><div>\u00a0<\/div><div>\u00a0<\/div><\/div><\/div><\/div><\/div><div id=\"pg-105-1\" class=\"panel-grid panel-no-style\" data-style=\"{&quot;background_image_attachment&quot;:false,&quot;background_display&quot;:&quot;tile&quot;,&quot;cell_alignment&quot;:&quot;flex-start&quot;}\"><div id=\"pgc-105-1-0\" class=\"panel-grid-cell\" data-weight=\"0.5\"><div id=\"panel-105-1-0-0\" class=\"so-panel widget widget_text panel-first-child panel-last-child\" data-index=\"2\" data-style=\"{&quot;background_image_attachment&quot;:false,&quot;background_display&quot;:&quot;tile&quot;}\"><div class=\"textwidget\"><div><strong>Haftung f\u00fcr Inhalte<\/strong><\/div><div class=\"page\" data-loaded=\"true\" data-page-number=\"1\"><div class=\"canvasWrapper\">\u00a0<\/div><\/div><div>Als Diensteanbieter sind wir gem\u00e4\u00df \u00a7 7 Abs.1 TMG f\u00fcr eigene Inhalte auf diesen Seiten nach den<\/div><div>allgemeinen Gesetzen verantwortlich. Nach \u00a7\u00a7 8 bis 10 TMG sind wir als Diensteanbieter jedoch nicht<\/div><div>verpflichtet, \u00fcbermittelte oder gespeicherte fremde Informationen zu \u00fcberwachen oder nach Umst\u00e4nden<\/div><div>zu forschen, die auf eine rechtswidrige T\u00e4tigkeit hinweisen.<\/div><div>Verpflichtungen zur Entfernung oder Sperrung der Nutzung von Informationen nach den allgemeinen<\/div><div>Gesetzen bleiben hiervon unber\u00fchrt. Eine diesbez\u00fcgliche Haftung ist jedoch erst ab dem Zeitpunkt der<\/div><div>Kenntnis einer konkreten Rechtsverletzung m\u00f6glich. Bei Bekanntwerden von entsprechenden<\/div><div>Rechtsverletzungen werden wir diese Inhalte umgehend entfernen.<\/div><div>\u00a0<\/div><div><strong>Haftung f\u00fcr Links<\/strong><\/div><div>\u00a0<\/div><div>Unser Angebot enth\u00e4lt Links zu externen Webseiten Dritter, auf deren Inhalte wir keinen Einfluss haben.<\/div><div>Deshalb k\u00f6nnen wir f\u00fcr diese fremden Inhalte auch keine Gew\u00e4hr \u00fcbernehmen. F\u00fcr die Inhalte der<\/div><div>verlinkten Seiten ist stets der jeweilige Anbieter oder Betreiber der Seiten verantwortlich. Die verlinkten<\/div><div>Seiten wurden zum Zeitpunkt der Verlinkung auf m\u00f6gliche Rechtsverst\u00f6\u00dfe \u00fcberpr\u00fcft. Rechtswidrige<\/div><div>Inhalte waren zum Zeitpunkt der Verlinkung nicht erkennbar.<\/div><div>Eine permanente inhaltliche Kontrolle der verlinkten Seiten ist jedoch ohne konkrete Anhaltspunkte einer<\/div><div>Rechtsverletzung nicht zumutbar. Bei Bekanntwerden von Rechtsverletzungen werden wir derartige Links<\/div><div>umgehend entfernen.<\/div><div>\u00a0<\/div><div>\u00a0<\/div><\/div><\/div><\/div><div id=\"pgc-105-1-1\" class=\"panel-grid-cell\" data-weight=\"0.5\"><div id=\"panel-105-1-1-0\" class=\"so-panel widget widget_text panel-first-child panel-last-child\" data-index=\"3\" data-style=\"{&quot;background_image_attachment&quot;:false,&quot;background_display&quot;:&quot;tile&quot;}\"><div class=\"textwidget\"><div><strong>Urheberrecht<\/strong><\/div><div>\u00a0<\/div><div>Die durch die Seitenbetreiber erstellten Inhalte und Werke auf diesen Seiten unterliegen dem deutschen<\/div><div>Urheberrecht. Die Vervielf\u00e4ltigung, Bearbeitung, Verbreitung und jede Art der Verwertung au\u00dferhalb der<\/div><div>Grenzen des Urheberrechtes bed\u00fcrfen der schriftlichen Zustimmung des jeweiligen Autors bzw.<\/div><div>Erstellers. Downloads und Kopien dieser Seite sind nur f\u00fcr den privaten, nicht kommerziellen Gebrauch<\/div><div>gestattet.<\/div><div>Soweit die Inhalte auf dieser Seite nicht vom Betreiber erstellt wurden, werden die Urheberrechte Dritter<\/div><div>beachtet. Insbesondere werden Inhalte Dritter als solche gekennzeichnet. Sollten Sie trotzdem auf eine<\/div><div>Urheberrechtsverletzung aufmerksam werden, bitten wir um einen entsprechenden Hinweis. Bei<\/div><div>Bekanntwerden von Rechtsverletzungen werden wir derartige Inhalte umgehend entfernen.<\/div><div>\u00a0<\/div><div><div id=\"panel-1277-0-1-2\" class=\"so-panel widget widget_sow-editor panel-last-child\" data-index=\"5\"><div class=\"so-widget-sow-editor so-widget-sow-editor-base\"><div class=\"siteorigin-widget-tinymce textwidget\"><p><strong>Bildmaterial<\/strong><\/p><p>Die HS Service GmbH verwendet auf ihren Webseiten Bildmaterial von Fotolia, 123RF und istockphoto, sowie Bilder und Texte unserer Partner &amp; Hardwarehersteller.<\/p><\/div><\/div><\/div><\/div><\/div><\/div><\/div><\/div><\/div><\/div><\/div><\/div><\/div><\/div>\t\t\t\t\t<\/div>\n\t\t\t\t\t\t<\/div>\n\t\t\t\t<\/div>\n\t\t\t\t\t\t<\/div>\n\t\t\t\t\t<\/div>\n\t\t<\/div>\n\t\t\t\t\t\t\t\t<\/div>\n\t\t\t\t\t<\/div>\n\t\t<\/section>\n\t\t\t\t\t\t\t\t\t<\/div>\n\t\t\t<\/div>\n\t\t\t\t\t<\/div>\n\t\t","protected":false},"excerpt":{"rendered":"<p>Impressum Angaben gem\u00e4\u00df \u00a7 5 TMG:HS Service GmbHKronst\u00e4dter Gasse 2151674 Wiehl&nbsp;Vertreten durch:HS Service GmbH, vertreten duch GF Horst Schulz&nbsp;Kontakt:Telefon: 022622085150Telefax: 022622085151E-Mail: info@kassen-king.de&nbsp;Registereintrag:Eintragung im Handelsregister.Registergericht: SiegburgRegisternummer: HRB12584DE291396650&nbsp;&nbsp;StreitschlichtungDie Europ\u00e4ische Kommission stellt eine Plattform zur Online-Streitbeilegung (OS) bereit:http:\/\/ec.europa.eu\/consumers\/odrUnsere E-Mail-Adresse finden Sie oben im Impressum.Wir sind nicht bereit oder verpflichtet, an Streitbeilegungsverfahren vor einerVerbraucherschlichtungsstelle teilzunehmen.&nbsp;&nbsp;&nbsp;Haftung f\u00fcr Inhalte&nbsp;Als Diensteanbieter sind&hellip;&nbsp;<a href=\"https:\/\/kassen-king.de\/?page_id=642\" class=\"\" rel=\"bookmark\">Weiterlesen &raquo;<span class=\"screen-reader-text\">Impressum<\/span><\/a><\/p>\n","protected":false},"author":2,"featured_media":0,"parent":0,"menu_order":0,"comment_status":"closed","ping_status":"closed","template":"page-templates\/template-pagebuilder-full-width.php","meta":{"neve_meta_sidebar":"full-width","neve_meta_container":"","neve_meta_enable_content_width":"on","neve_meta_content_width":100,"neve_meta_title_alignment":"","neve_meta_author_avatar":"","neve_post_elements_order":"","neve_meta_disable_header":"","neve_meta_disable_footer":"","neve_meta_disable_title":"","spay_email":""},"yoast_head":"<!-- This site is optimized with the Yoast SEO plugin v15.0 - https:\/\/yoast.com\/wordpress\/plugins\/seo\/ -->\n<title>Impressum - Ihr Experte f\u00fcr Point of Sale und eCommerce L\u00f6sungen<\/title>\n<meta name=\"robots\" content=\"index, follow, max-snippet:-1, max-image-preview:large, max-video-preview:-1\" \/>\n<link rel=\"canonical\" href=\"https:\/\/kassen-king.de\/?page_id=642\" \/>\n<meta property=\"og:locale\" content=\"de_DE\" \/>\n<meta property=\"og:type\" content=\"article\" \/>\n<meta property=\"og:title\" content=\"Impressum - Ihr Experte f\u00fcr Point of Sale und eCommerce L\u00f6sungen\" \/>\n<meta property=\"og:description\" content=\"Impressum Angaben gem\u00e4\u00df \u00a7 5 TMG:HS Service GmbHKronst\u00e4dter Gasse 2151674 Wiehl&nbsp;Vertreten durch:HS Service GmbH, vertreten duch GF Horst Schulz&nbsp;Kontakt:Telefon: 022622085150Telefax: 022622085151E-Mail: info@kassen-king.de&nbsp;Registereintrag:Eintragung im Handelsregister.Registergericht: SiegburgRegisternummer: HRB12584DE291396650&nbsp;&nbsp;StreitschlichtungDie Europ\u00e4ische Kommission stellt eine Plattform zur Online-Streitbeilegung (OS) bereit:http:\/\/ec.europa.eu\/consumers\/odrUnsere E-Mail-Adresse finden Sie oben im Impressum.Wir sind nicht bereit oder verpflichtet, an Streitbeilegungsverfahren vor einerVerbraucherschlichtungsstelle teilzunehmen.&nbsp;&nbsp;&nbsp;Haftung f\u00fcr Inhalte&nbsp;Als Diensteanbieter sind&hellip;&nbsp;Weiterlesen &raquo;Impressum\" \/>\n<meta property=\"og:url\" content=\"https:\/\/kassen-king.de\/?page_id=642\" \/>\n<meta property=\"og:site_name\" content=\"Ihr Experte f\u00fcr Point of Sale und eCommerce L\u00f6sungen\" \/>\n<meta property=\"article:modified_time\" content=\"2020-07-06T09:35:48+00:00\" \/>\n<meta name=\"twitter:card\" content=\"summary_large_image\" \/>\n<script type=\"application\/ld+json\" class=\"yoast-schema-graph\">{\"@context\":\"https:\/\/schema.org\",\"@graph\":[{\"@type\":\"Organization\",\"@id\":\"https:\/\/kassen-king.de\/#organization\",\"name\":\"HS Service GmbH\",\"url\":\"https:\/\/kassen-king.de\/\",\"sameAs\":[],\"logo\":{\"@type\":\"ImageObject\",\"@id\":\"https:\/\/kassen-king.de\/#logo\",\"inLanguage\":\"de\",\"url\":\"https:\/\/i1.wp.com\/kassen-king.de\/wp-content\/uploads\/2020\/07\/6021_HS_Service_GmbH_logo_VP_GR-012gr\\u00fcn.png?fit=4167%2C4167&ssl=1\",\"width\":4167,\"height\":4167,\"caption\":\"HS Service GmbH\"},\"image\":{\"@id\":\"https:\/\/kassen-king.de\/#logo\"}},{\"@type\":\"WebSite\",\"@id\":\"https:\/\/kassen-king.de\/#website\",\"url\":\"https:\/\/kassen-king.de\/\",\"name\":\"Ihr Experte f\\u00fcr Point of Sale und eCommerce L\\u00f6sungen\",\"description\":\"Softwarel\\u00f6sungen rund um dem Point of Sale - Wir beraten kleine und mittelst\\u00e4ndige Unternehmen. Kassensysteme, eCommerce, Point of Sale -Wir lieben eCommerce...\",\"publisher\":{\"@id\":\"https:\/\/kassen-king.de\/#organization\"},\"potentialAction\":[{\"@type\":\"SearchAction\",\"target\":\"https:\/\/kassen-king.de\/?s={search_term_string}\",\"query-input\":\"required name=search_term_string\"}],\"inLanguage\":\"de\"},{\"@type\":\"WebPage\",\"@id\":\"https:\/\/kassen-king.de\/?page_id=642#webpage\",\"url\":\"https:\/\/kassen-king.de\/?page_id=642\",\"name\":\"Impressum - Ihr Experte f\\u00fcr Point of Sale und eCommerce L\\u00f6sungen\",\"isPartOf\":{\"@id\":\"https:\/\/kassen-king.de\/#website\"},\"datePublished\":\"2020-07-06T09:34:09+00:00\",\"dateModified\":\"2020-07-06T09:35:48+00:00\",\"inLanguage\":\"de\",\"potentialAction\":[{\"@type\":\"ReadAction\",\"target\":[\"https:\/\/kassen-king.de\/?page_id=642\"]}]}]}<\/script>\n<!-- \/ Yoast SEO plugin. -->","_links":{"self":[{"href":"https:\/\/kassen-king.de\/index.php?rest_route=\/wp\/v2\/pages\/642"}],"collection":[{"href":"https:\/\/kassen-king.de\/index.php?rest_route=\/wp\/v2\/pages"}],"about":[{"href":"https:\/\/kassen-king.de\/index.php?rest_route=\/wp\/v2\/types\/page"}],"author":[{"embeddable":true,"href":"https:\/\/kassen-king.de\/index.php?rest_route=\/wp\/v2\/users\/2"}],"replies":[{"embeddable":true,"href":"https:\/\/kassen-king.de\/index.php?rest_route=%2Fwp%2Fv2%2Fcomments&post=642"}],"version-history":[{"count":3,"href":"https:\/\/kassen-king.de\/index.php?rest_route=\/wp\/v2\/pages\/642\/revisions"}],"predecessor-version":[{"id":645,"href":"https:\/\/kassen-king.de\/index.php?rest_route=\/wp\/v2\/pages\/642\/revisions\/645"}],"wp:attachment":[{"href":"https:\/\/kassen-king.de\/index.php?rest_route=%2Fwp%2Fv2%2Fmedia&parent=642"}],"curies":[{"name":"wp","href":"https:\/\/api.w.org\/{rel}","templated":true}]}}